{"id":24,"date":"2020-12-08T03:53:57","date_gmt":"2020-12-08T03:53:57","guid":{"rendered":"https:\/\/gaviaspreview.com\/wp\/paroti\/?page_id=24"},"modified":"2025-08-27T14:33:35","modified_gmt":"2025-08-27T14:33:35","slug":"faqs","status":"publish","type":"page","link":"https:\/\/congopeacenetwork.org\/?page_id=24","title":{"rendered":"Faqs"},"content":{"rendered":"\t\t<div data-elementor-type=\"wp-page\" data-elementor-id=\"24\" class=\"elementor elementor-24\">\n\t\t\t\t\t\t<section class=\"elementor-section elementor-top-section elementor-element elementor-element-6e6e0a8 elementor-section-boxed elementor-section-height-default elementor-section-height-default\" data-id=\"6e6e0a8\" data-element_type=\"section\" data-settings=\"{&quot;background_background&quot;:&quot;slideshow&quot;,&quot;background_slideshow_gallery&quot;:[{&quot;id&quot;:5101,&quot;url&quot;:&quot;https:\\\/\\\/congopeacenetwork.org\\\/wp-content\\\/uploads\\\/2025\\\/08\\\/cpn-breadcrumb-1.jpg&quot;},{&quot;id&quot;:5109,&quot;url&quot;:&quot;https:\\\/\\\/congopeacenetwork.org\\\/wp-content\\\/uploads\\\/2025\\\/08\\\/cpn-breadcrumb-2.jpg&quot;}],&quot;background_slideshow_ken_burns&quot;:&quot;yes&quot;,&quot;background_slideshow_loop&quot;:&quot;yes&quot;,&quot;background_slideshow_slide_duration&quot;:5000,&quot;background_slideshow_slide_transition&quot;:&quot;fade&quot;,&quot;background_slideshow_transition_duration&quot;:500,&quot;background_slideshow_ken_burns_zoom_direction&quot;:&quot;in&quot;}\">\n\t\t\t\t\t\t<div class=\"elementor-container elementor-column-gap-default\">\n\t\t\t\t\t<div class=\"elementor-column elementor-col-100 elementor-top-column elementor-element elementor-element-ca9235e\" data-id=\"ca9235e\" data-element_type=\"column\">\n\t\t\t<div class=\"elementor-widget-wrap elementor-element-populated\">\n\t\t\t\t\t\t<div class=\"elementor-element elementor-element-49cfd7d elementor-widget elementor-widget-gva-heading-block\" data-id=\"49cfd7d\" data-element_type=\"widget\" data-widget_type=\"gva-heading-block.default\">\n\t\t\t\t<div class=\"elementor-widget-container\">\n\t\t\t\t\t<div class=\"gva-element-gva-heading-block gva-element\">   <div class=\"align-left style-1 widget gsc-heading box-align-left auto-responsive\">\r\n      <div class=\"content-inner\">\r\n         \r\n                  \r\n           \r\n         \r\n                     <h2 class=\"title\">\r\n               <span>Faqs<\/span>\r\n            <\/h2>\r\n                  \r\n                     <div class=\"title-desc\">...<\/div>\r\n         \r\n         \r\n      <\/div>\r\n   <\/div>\r\n<\/div>\t\t\t\t<\/div>\n\t\t\t\t<\/div>\n\t\t\t\t\t<\/div>\n\t\t<\/div>\n\t\t\t\t\t<\/div>\n\t\t<\/section>\n\t\t\t\t<section class=\"elementor-section elementor-top-section elementor-element elementor-element-61b075d elementor-section-boxed elementor-section-height-default elementor-section-height-default\" data-id=\"61b075d\" data-element_type=\"section\" data-settings=\"{&quot;background_background&quot;:&quot;classic&quot;}\">\n\t\t\t\t\t\t<div class=\"elementor-container elementor-column-gap-default\">\n\t\t\t\t\t<div class=\"elementor-column elementor-col-100 elementor-top-column elementor-element elementor-element-c5e50bd\" data-id=\"c5e50bd\" data-element_type=\"column\">\n\t\t\t<div class=\"elementor-widget-wrap elementor-element-populated\">\n\t\t\t\t\t\t<div class=\"elementor-element elementor-element-3a3a9e9 elementor-widget elementor-widget-gva-heading-block\" data-id=\"3a3a9e9\" data-element_type=\"widget\" data-widget_type=\"gva-heading-block.default\">\n\t\t\t\t<div class=\"elementor-widget-container\">\n\t\t\t\t\t<div class=\"gva-element-gva-heading-block gva-element\">   <div class=\"align-center style-1 widget gsc-heading box-align-center auto-responsive\">\r\n      <div class=\"content-inner\">\r\n         \r\n                  \r\n         <div class=\"sub-title\"><span class=\"tagline\">...<\/span><\/div>  \r\n         \r\n                     <h2 class=\"title\">\r\n               <span>Avez-vous des questions? <br><\/span>\r\n            <\/h2>\r\n                  \r\n         \r\n         \r\n      <\/div>\r\n   <\/div>\r\n<\/div>\t\t\t\t<\/div>\n\t\t\t\t<\/div>\n\t\t\t\t<div class=\"elementor-element elementor-element-c3dcaaf elementor-widget elementor-widget-accordion\" data-id=\"c3dcaaf\" data-element_type=\"widget\" data-widget_type=\"accordion.default\">\n\t\t\t\t\t\t\t<div class=\"elementor-accordion\">\n\t\t\t\t\t\t\t<div class=\"elementor-accordion-item\">\n\t\t\t\t\t<div id=\"elementor-tab-title-2051\" class=\"elementor-tab-title\" data-tab=\"1\" role=\"button\" aria-controls=\"elementor-tab-content-2051\" aria-expanded=\"false\">\n\t\t\t\t\t\t\t\t\t\t\t\t\t<span class=\"elementor-accordion-icon elementor-accordion-icon-right\" aria-hidden=\"true\">\n\t\t\t\t\t\t\t\t\t\t\t\t\t\t\t<span class=\"elementor-accordion-icon-closed\"><i class=\"fas fa-plus\"><\/i><\/span>\n\t\t\t\t\t\t\t\t<span class=\"elementor-accordion-icon-opened\"><i class=\"fas fa-minus\"><\/i><\/span>\n\t\t\t\t\t\t\t\t\t\t\t\t\t\t<\/span>\n\t\t\t\t\t\t\t\t\t\t\t\t<a class=\"elementor-accordion-title\" tabindex=\"0\">Historique<\/a>\n\t\t\t\t\t<\/div>\n\t\t\t\t\t<div id=\"elementor-tab-content-2051\" class=\"elementor-tab-content elementor-clearfix\" data-tab=\"1\" role=\"region\" aria-labelledby=\"elementor-tab-title-2051\"><p>Congo Peace Network, CPN en sigle est une organisation sans but lucratif cr\u00e9\u00e9 le 9 ao\u00fbt 2010 et qui a pour mission d\u2019\u0153uvrer pour la paix et la cohabitation pacifique par la promotion de la justice et des droits humains en R\u00e9publique D\u00e9mocratique du Congo.<\/p><p>Comme sa d\u00e9nomination l\u2019indique, Congo Peace Network n\u2019est pas un r\u00e9seau au vrai sens du terme qui est compos\u00e9 de plusieurs organisations, mais, il l\u2019est au sens figur\u00e9 \u00e9tant donn\u00e9 que dans la philosophie de sa cr\u00e9ation, il pourra d\u2019une part s\u2019\u00e9tendre \u00e0 travers le pays en cr\u00e9ant des Centres d\u2019\u00e9tudes et de recherche pour la paix et la cohabitation pacifique et d\u2019autre part, il sera cr\u00e9\u00e9 une dynamique des acteurs au niveau des communaut\u00e9s locales \u00e0 la base ayant adh\u00e9r\u00e9 \u00e0 sa vision et \u00e0 sa mission et impliqu\u00e9s dans les activit\u00e9s de l\u2019organisation pour atteindre les objectifs qu\u2019elle s\u2019est assign\u00e9s.<\/p><p>Le si\u00e8ge social du CPN est \u00e9tabli \u00e0 Goma, chef lieu de la Province du Nord-Kivu en R\u00e9publique D\u00e9mocratique du Congo. Le si\u00e8ge social peut \u00eatre d\u00e9plac\u00e9 en tout autre lieu viable sur d\u00e9cision de l\u2019Assembl\u00e9e G\u00e9n\u00e9rale (AG), \u00e0 la majorit\u00e9 de \u00be de ses membres effectifs. Le CPN est constitu\u00e9e pour une dur\u00e9e ind\u00e9termin\u00e9e.<\/p><p>Un bureau de repr\u00e9sentation est op\u00e9rationnel \u00e0 Kinshasa depuis le mois d\u2019Ao\u00fbt 2013.<\/p><p>Le rayon d\u2019action du CPN s\u2019\u00e9tend sur toute l\u2019\u00e9tendue de la province du Nord Kivu avec la perspective de s\u2019\u00e9tendre sur toute l\u2019\u00e9tendue de la R\u00e9publique D\u00e9mocratique du Congo.<\/p><\/div>\n\t\t\t\t<\/div>\n\t\t\t\t\t\t\t<div class=\"elementor-accordion-item\">\n\t\t\t\t\t<div id=\"elementor-tab-title-2052\" class=\"elementor-tab-title\" data-tab=\"2\" role=\"button\" aria-controls=\"elementor-tab-content-2052\" aria-expanded=\"false\">\n\t\t\t\t\t\t\t\t\t\t\t\t\t<span class=\"elementor-accordion-icon elementor-accordion-icon-right\" aria-hidden=\"true\">\n\t\t\t\t\t\t\t\t\t\t\t\t\t\t\t<span class=\"elementor-accordion-icon-closed\"><i class=\"fas fa-plus\"><\/i><\/span>\n\t\t\t\t\t\t\t\t<span class=\"elementor-accordion-icon-opened\"><i class=\"fas fa-minus\"><\/i><\/span>\n\t\t\t\t\t\t\t\t\t\t\t\t\t\t<\/span>\n\t\t\t\t\t\t\t\t\t\t\t\t<a class=\"elementor-accordion-title\" tabindex=\"0\">Pourquoi Congo Peace Network<\/a>\n\t\t\t\t\t<\/div>\n\t\t\t\t\t<div id=\"elementor-tab-content-2052\" class=\"elementor-tab-content elementor-clearfix\" data-tab=\"2\" role=\"region\" aria-labelledby=\"elementor-tab-title-2052\"><p>Peace Network est une strat\u00e9gie pour Congo d\u00e9mocratique \u00e0 travers une ramification d\u2019acteurs allant du centre \u00e0 des milieux recul\u00e9s ; strat\u00e9gie qui permettra sans doute de mat\u00e9rialiser les objectifs assign\u00e9s \u00e0 l\u2019organisation. En effet, cette strat\u00e9gie est participative ; ce qui motive la raison d\u2019\u00eatre de cette d\u00e9nomination. Dans cette approche qui est participative pour la consolidation de la paix des populations locales \u00e0 travers les leaders d\u2019opinions, les confessions religieuses et les couches sociales.<\/p><p>Congo Peace Network est engag\u00e9 sans d\u00e9semparer dans l\u2019\u00e9ducation civique de la population sur des pratiques de paix, de la non violence et de d\u00e9mocratie ainsi que des droits humains. Cette \u00e9ducation est assur\u00e9e par le canal des clubs de paix dans les universit\u00e9s, dans les \u00e9coles et dans les \u00e9glises.<\/p><p>Congo Peace Network croit que c\u2019est encore possible de r\u00eaver un Congo o\u00f9 r\u00e8gnent la paix et la justice. O\u00f9 les gouvernants pourront gouverner conform\u00e9ment \u00e0 la justice et r\u00e9gner conform\u00e9ment au droit. O\u00f9 Chacun d\u2019eux sera comme un abri contre le vent de l\u2019injustice et un refuge contre la temp\u00eate de la violence.<\/p><\/div>\n\t\t\t\t<\/div>\n\t\t\t\t\t\t\t<div class=\"elementor-accordion-item\">\n\t\t\t\t\t<div id=\"elementor-tab-title-2053\" class=\"elementor-tab-title\" data-tab=\"3\" role=\"button\" aria-controls=\"elementor-tab-content-2053\" aria-expanded=\"false\">\n\t\t\t\t\t\t\t\t\t\t\t\t\t<span class=\"elementor-accordion-icon elementor-accordion-icon-right\" aria-hidden=\"true\">\n\t\t\t\t\t\t\t\t\t\t\t\t\t\t\t<span class=\"elementor-accordion-icon-closed\"><i class=\"fas fa-plus\"><\/i><\/span>\n\t\t\t\t\t\t\t\t<span class=\"elementor-accordion-icon-opened\"><i class=\"fas fa-minus\"><\/i><\/span>\n\t\t\t\t\t\t\t\t\t\t\t\t\t\t<\/span>\n\t\t\t\t\t\t\t\t\t\t\t\t<a class=\"elementor-accordion-title\" tabindex=\"0\">Vision du Congo Peace Network<\/a>\n\t\t\t\t\t<\/div>\n\t\t\t\t\t<div id=\"elementor-tab-content-2053\" class=\"elementor-tab-content elementor-clearfix\" data-tab=\"3\" role=\"region\" aria-labelledby=\"elementor-tab-title-2053\"><p>Le CPN a comme vision de contribuer \u00e0 la construction de la paix durable dans le respect des droits humains en RDC.<\/p><\/div>\n\t\t\t\t<\/div>\n\t\t\t\t\t\t\t<div class=\"elementor-accordion-item\">\n\t\t\t\t\t<div id=\"elementor-tab-title-2054\" class=\"elementor-tab-title\" data-tab=\"4\" role=\"button\" aria-controls=\"elementor-tab-content-2054\" aria-expanded=\"false\">\n\t\t\t\t\t\t\t\t\t\t\t\t\t<span class=\"elementor-accordion-icon elementor-accordion-icon-right\" aria-hidden=\"true\">\n\t\t\t\t\t\t\t\t\t\t\t\t\t\t\t<span class=\"elementor-accordion-icon-closed\"><i class=\"fas fa-plus\"><\/i><\/span>\n\t\t\t\t\t\t\t\t<span class=\"elementor-accordion-icon-opened\"><i class=\"fas fa-minus\"><\/i><\/span>\n\t\t\t\t\t\t\t\t\t\t\t\t\t\t<\/span>\n\t\t\t\t\t\t\t\t\t\t\t\t<a class=\"elementor-accordion-title\" tabindex=\"0\">Objectifs strat\u00e9giques du Congo Peace Network<\/a>\n\t\t\t\t\t<\/div>\n\t\t\t\t\t<div id=\"elementor-tab-content-2054\" class=\"elementor-tab-content elementor-clearfix\" data-tab=\"4\" role=\"region\" aria-labelledby=\"elementor-tab-title-2054\"><p>Le CPN a pour objectif global de promouvoir la paix par le dialogue social et l\u2019\u00e9ducation civique.<\/p><p>Le CPN a pour objectifs sp\u00e9cifiques :<\/p><p>\u2013 Lutter pour le respect des textes internationaux et nationaux relatifs \u00e0 la promotion, \u00e0 la protection et la d\u00e9fense des droits de l\u2019homme et la paix ;<\/p><p>\u2013 Faciliter le dialogue social au sein des communaut\u00e9s de base pour la cohabitation pacifique ;<\/p><p>\u2013 Mener des actions de plaidoyer pour la justice, la r\u00e9conciliation et la v\u00e9rit\u00e9 ;<\/p><p>\u2013 Effectuer des recherches sur la paix, la s\u00e9curit\u00e9 et le d\u00e9veloppement ;<\/p><p>\u2013 Assurer l\u2019\u00e9ducation civique des populations et des leaders locaux \u00e0 la base sur la paix et la d\u00e9mocratie.<\/p><\/div>\n\t\t\t\t<\/div>\n\t\t\t\t\t\t\t<div class=\"elementor-accordion-item\">\n\t\t\t\t\t<div id=\"elementor-tab-title-2055\" class=\"elementor-tab-title\" data-tab=\"5\" role=\"button\" aria-controls=\"elementor-tab-content-2055\" aria-expanded=\"false\">\n\t\t\t\t\t\t\t\t\t\t\t\t\t<span class=\"elementor-accordion-icon elementor-accordion-icon-right\" aria-hidden=\"true\">\n\t\t\t\t\t\t\t\t\t\t\t\t\t\t\t<span class=\"elementor-accordion-icon-closed\"><i class=\"fas fa-plus\"><\/i><\/span>\n\t\t\t\t\t\t\t\t<span class=\"elementor-accordion-icon-opened\"><i class=\"fas fa-minus\"><\/i><\/span>\n\t\t\t\t\t\t\t\t\t\t\t\t\t\t<\/span>\n\t\t\t\t\t\t\t\t\t\t\t\t<a class=\"elementor-accordion-title\" tabindex=\"0\">Valeurs du Congo Peace Network<\/a>\n\t\t\t\t\t<\/div>\n\t\t\t\t\t<div id=\"elementor-tab-content-2055\" class=\"elementor-tab-content elementor-clearfix\" data-tab=\"5\" role=\"region\" aria-labelledby=\"elementor-tab-title-2055\"><p>Les valeurs de base du CPN sont les suivantes :<\/p><p>\u2013 L\u2019amour;<\/p><p>\u2013 L\u2019Egalit\u00e9 ;<\/p><p>\u2013 L\u2019int\u00e9grit\u00e9 ;<\/p><p>\u2013 La tol\u00e9rance ;<\/p><p>\u2013 La neutralit\u00e9 ;<\/p><p>\u2013 L\u2019humanit\u00e9.<\/p><\/div>\n\t\t\t\t<\/div>\n\t\t\t\t\t\t\t<div class=\"elementor-accordion-item\">\n\t\t\t\t\t<div id=\"elementor-tab-title-2056\" class=\"elementor-tab-title\" data-tab=\"6\" role=\"button\" aria-controls=\"elementor-tab-content-2056\" aria-expanded=\"false\">\n\t\t\t\t\t\t\t\t\t\t\t\t\t<span class=\"elementor-accordion-icon elementor-accordion-icon-right\" aria-hidden=\"true\">\n\t\t\t\t\t\t\t\t\t\t\t\t\t\t\t<span class=\"elementor-accordion-icon-closed\"><i class=\"fas fa-plus\"><\/i><\/span>\n\t\t\t\t\t\t\t\t<span class=\"elementor-accordion-icon-opened\"><i class=\"fas fa-minus\"><\/i><\/span>\n\t\t\t\t\t\t\t\t\t\t\t\t\t\t<\/span>\n\t\t\t\t\t\t\t\t\t\t\t\t<a class=\"elementor-accordion-title\" tabindex=\"0\">Devise du Congo Peace Network<\/a>\n\t\t\t\t\t<\/div>\n\t\t\t\t\t<div id=\"elementor-tab-content-2056\" class=\"elementor-tab-content elementor-clearfix\" data-tab=\"6\" role=\"region\" aria-labelledby=\"elementor-tab-title-2056\"><p>Le CPN a comme devise : la paix et la justice sont les piliers de tout d\u00e9veloppement durable.<\/p><\/div>\n\t\t\t\t<\/div>\n\t\t\t\t\t\t\t\t<\/div>\n\t\t\t\t\t\t<\/div>\n\t\t\t\t\t<\/div>\n\t\t<\/div>\n\t\t\t\t\t<\/div>\n\t\t<\/section>\n\t\t\t\t<\/div>\n\t\t","protected":false},"excerpt":{"rendered":"<p>Faqs &#8230; &#8230; Avez-vous des questions? Historique Congo Peace Network, CPN en sigle est une organisation sans but lucratif cr\u00e9\u00e9 le 9 ao\u00fbt 2010 et qui a pour mission d\u2019\u0153uvrer [&hellip;]<\/p>\n","protected":false},"author":1,"featured_media":0,"parent":0,"menu_order":0,"comment_status":"closed","ping_status":"closed","template":"","meta":{"give_campaign_id":0,"footnotes":""},"class_list":["post-24","page","type-page","status-publish","hentry"],"campaignId":"","_links":{"self":[{"href":"https:\/\/congopeacenetwork.org\/index.php?rest_route=\/wp\/v2\/pages\/24","targetHints":{"allow":["GET"]}}],"collection":[{"href":"https:\/\/congopeacenetwork.org\/index.php?rest_route=\/wp\/v2\/pages"}],"about":[{"href":"https:\/\/congopeacenetwork.org\/index.php?rest_route=\/wp\/v2\/types\/page"}],"author":[{"embeddable":true,"href":"https:\/\/congopeacenetwork.org\/index.php?rest_route=\/wp\/v2\/users\/1"}],"replies":[{"embeddable":true,"href":"https:\/\/congopeacenetwork.org\/index.php?rest_route=%2Fwp%2Fv2%2Fcomments&post=24"}],"version-history":[{"count":9,"href":"https:\/\/congopeacenetwork.org\/index.php?rest_route=\/wp\/v2\/pages\/24\/revisions"}],"predecessor-version":[{"id":5133,"href":"https:\/\/congopeacenetwork.org\/index.php?rest_route=\/wp\/v2\/pages\/24\/revisions\/5133"}],"wp:attachment":[{"href":"https:\/\/congopeacenetwork.org\/index.php?rest_route=%2Fwp%2Fv2%2Fmedia&parent=24"}],"curies":[{"name":"wp","href":"https:\/\/api.w.org\/{rel}","templated":true}]}}